{"id":130,"date":"2018-11-28T12:49:30","date_gmt":"2018-11-28T11:49:30","guid":{"rendered":"https:\/\/www.medinetz-marburg.de\/?page_id=130"},"modified":"2025-02-04T15:41:16","modified_gmt":"2025-02-04T14:41:16","slug":"aktuelles","status":"publish","type":"page","link":"https:\/\/www.medinetz-marburg.de\/ru\/aktuelles\/","title":{"rendered":"Aktuelles"},"content":{"rendered":"\n<div class=\"wp-block-columns is-layout-flex wp-container-core-columns-is-layout-7 wp-block-columns-is-layout-flex\">\n<div class=\"wp-block-column is-layout-flow wp-block-column-is-layout-flow\" style=\"flex-basis:100%\">\n<div class=\"wp-block-query is-layout-flow wp-block-query-is-layout-flow\"><ul class=\"wp-block-post-template is-layout-flow wp-block-post-template-is-layout-flow\"><li class=\"wp-block-post post-519 post type-post status-publish format-standard has-post-thumbnail hentry category-allgemein\">\n\n<div class=\"wp-block-columns alignwide is-layout-flex wp-container-core-columns-is-layout-1 wp-block-columns-is-layout-flex\">\n<div class=\"wp-block-column is-layout-flow wp-block-column-is-layout-flow\" style=\"flex-basis:66.66%\"><figure style=\"aspect-ratio:16\/9;\" class=\"wp-block-post-featured-image\"><a href=\"https:\/\/www.medinetz-marburg.de\/ru\/2025\/11\/16\/edersee-2025\/\" target=\"_self\"  ><img loading=\"lazy\" decoding=\"async\" width=\"2048\" height=\"1536\" src=\"https:\/\/www.medinetz-marburg.de\/wp-content\/uploads\/2025\/11\/BildEdersee.jpeg\" class=\"attachment-post-thumbnail size-post-thumbnail wp-post-image\" alt=\"Edersee 2025\" style=\"width:100%;height:100%;object-fit:cover;\" srcset=\"https:\/\/www.medinetz-marburg.de\/wp-content\/uploads\/2025\/11\/BildEdersee.jpeg 2048w, https:\/\/www.medinetz-marburg.de\/wp-content\/uploads\/2025\/11\/BildEdersee-300x225.jpeg 300w, https:\/\/www.medinetz-marburg.de\/wp-content\/uploads\/2025\/11\/BildEdersee-1024x768.jpeg 1024w, https:\/\/www.medinetz-marburg.de\/wp-content\/uploads\/2025\/11\/BildEdersee-768x576.jpeg 768w, https:\/\/www.medinetz-marburg.de\/wp-content\/uploads\/2025\/11\/BildEdersee-1536x1152.jpeg 1536w\" sizes=\"auto, (max-width: 2048px) 100vw, 2048px\" \/><\/a><\/figure><\/div>\n\n\n\n<div class=\"wp-block-column is-layout-flow wp-block-column-is-layout-flow\" style=\"flex-basis:33.33%\"><h2 class=\"wp-block-post-title\"><a href=\"https:\/\/www.medinetz-marburg.de\/ru\/2025\/11\/16\/edersee-2025\/\" target=\"_self\" >Edersee 2025<\/a><\/h2>\n\n<div class=\"wp-block-post-excerpt\"><p class=\"wp-block-post-excerpt__excerpt\">Dieses Wochenende gab es wieder Zeit, sich besser kennenzulernen und an unseren &#8220;Langzeitprojekten&#8221; zu arbeiten. Toll war dieses Mal vor allem der Austausch mit dem Medinetz Gie\u00dfen e.V. &#8211; sch\u00f6n, dass ihr unsere Einladung&hellip;<\/p><p class=\"wp-block-post-excerpt__more-text\"><a class=\"wp-block-post-excerpt__more-link\" href=\"https:\/\/www.medinetz-marburg.de\/ru\/2025\/11\/16\/edersee-2025\/\">weiterlesen&#8230;<\/a><\/p><\/div><\/div>\n<\/div>\n\n<\/li><li class=\"wp-block-post post-488 post type-post status-publish format-standard has-post-thumbnail hentry category-allgemein\">\n\n<div class=\"wp-block-columns alignwide is-layout-flex wp-container-core-columns-is-layout-2 wp-block-columns-is-layout-flex\">\n<div class=\"wp-block-column is-layout-flow wp-block-column-is-layout-flow\" style=\"flex-basis:66.66%\"><figure style=\"aspect-ratio:16\/9;\" class=\"wp-block-post-featured-image\"><a href=\"https:\/\/www.medinetz-marburg.de\/ru\/2025\/06\/12\/medinetz-fulda\/\" target=\"_self\"  ><img loading=\"lazy\" decoding=\"async\" width=\"905\" height=\"1280\" src=\"https:\/\/www.medinetz-marburg.de\/wp-content\/uploads\/2025\/06\/Kennlernplenum.jpeg\" class=\"attachment-post-thumbnail size-post-thumbnail wp-post-image\" alt=\"Medinetz Fulda\" style=\"width:100%;height:100%;object-fit:cover;\" srcset=\"https:\/\/www.medinetz-marburg.de\/wp-content\/uploads\/2025\/06\/Kennlernplenum.jpeg 905w, https:\/\/www.medinetz-marburg.de\/wp-content\/uploads\/2025\/06\/Kennlernplenum-212x300.jpeg 212w, https:\/\/www.medinetz-marburg.de\/wp-content\/uploads\/2025\/06\/Kennlernplenum-724x1024.jpeg 724w, https:\/\/www.medinetz-marburg.de\/wp-content\/uploads\/2025\/06\/Kennlernplenum-768x1086.jpeg 768w\" sizes=\"auto, (max-width: 905px) 100vw, 905px\" \/><\/a><\/figure><\/div>\n\n\n\n<div class=\"wp-block-column is-layout-flow wp-block-column-is-layout-flow\" style=\"flex-basis:33.33%\"><h2 class=\"wp-block-post-title\"><a href=\"https:\/\/www.medinetz-marburg.de\/ru\/2025\/06\/12\/medinetz-fulda\/\" target=\"_self\" >Medinetz Fulda<\/a><\/h2>\n\n<div class=\"wp-block-post-excerpt\"><p class=\"wp-block-post-excerpt__excerpt\"><\/p><p class=\"wp-block-post-excerpt__more-text\"><a class=\"wp-block-post-excerpt__more-link\" href=\"https:\/\/www.medinetz-marburg.de\/ru\/2025\/06\/12\/medinetz-fulda\/\">weiterlesen&#8230;<\/a><\/p><\/div><\/div>\n<\/div>\n\n<\/li><li class=\"wp-block-post post-449 post type-post status-publish format-standard has-post-thumbnail hentry category-allgemein\">\n\n<div class=\"wp-block-columns alignwide is-layout-flex wp-container-core-columns-is-layout-3 wp-block-columns-is-layout-flex\">\n<div class=\"wp-block-column is-layout-flow wp-block-column-is-layout-flow\" style=\"flex-basis:66.66%\"><figure style=\"aspect-ratio:16\/9;\" class=\"wp-block-post-featured-image\"><a href=\"https:\/\/www.medinetz-marburg.de\/ru\/2025\/02\/04\/wahl-2025\/\" target=\"_self\"  ><img loading=\"lazy\" decoding=\"async\" width=\"2000\" height=\"1414\" src=\"https:\/\/www.medinetz-marburg.de\/wp-content\/uploads\/2025\/02\/Wahlpruefsteine.jpg\" class=\"attachment-post-thumbnail size-post-thumbnail wp-post-image\" alt=\"Wahl 2025\" style=\"width:100%;height:100%;object-fit:cover;\" srcset=\"https:\/\/www.medinetz-marburg.de\/wp-content\/uploads\/2025\/02\/Wahlpruefsteine.jpg 2000w, https:\/\/www.medinetz-marburg.de\/wp-content\/uploads\/2025\/02\/Wahlpruefsteine-300x212.jpg 300w, https:\/\/www.medinetz-marburg.de\/wp-content\/uploads\/2025\/02\/Wahlpruefsteine-1024x724.jpg 1024w, https:\/\/www.medinetz-marburg.de\/wp-content\/uploads\/2025\/02\/Wahlpruefsteine-768x543.jpg 768w, https:\/\/www.medinetz-marburg.de\/wp-content\/uploads\/2025\/02\/Wahlpruefsteine-1536x1086.jpg 1536w\" sizes=\"auto, (max-width: 2000px) 100vw, 2000px\" \/><\/a><\/figure><\/div>\n\n\n\n<div class=\"wp-block-column is-layout-flow wp-block-column-is-layout-flow\" style=\"flex-basis:33.33%\"><h2 class=\"wp-block-post-title\"><a href=\"https:\/\/www.medinetz-marburg.de\/ru\/2025\/02\/04\/wahl-2025\/\" target=\"_self\" >Wahl 2025<\/a><\/h2>\n\n<div class=\"wp-block-post-excerpt\"><p class=\"wp-block-post-excerpt__excerpt\">Am 23.02.25 ist die Bundestagswahl. Gestern waren wir vor der Mensa mit einem Infostand und haben dar\u00fcber aufgekl\u00e4rt, wie Parteien und Kandidat*innen zum Thema Gesundheitsversorgung f\u00fcr Menschen ohne regul\u00e4re Krankenversicherung stehen. Daf\u00fcr haben wir&hellip;<\/p><p class=\"wp-block-post-excerpt__more-text\"><a class=\"wp-block-post-excerpt__more-link\" href=\"https:\/\/www.medinetz-marburg.de\/ru\/2025\/02\/04\/wahl-2025\/\">weiterlesen&#8230;<\/a><\/p><\/div><\/div>\n<\/div>\n\n<\/li><li class=\"wp-block-post post-409 post type-post status-publish format-standard has-post-thumbnail hentry category-allgemein\">\n\n<div class=\"wp-block-columns alignwide is-layout-flex wp-container-core-columns-is-layout-4 wp-block-columns-is-layout-flex\">\n<div class=\"wp-block-column is-layout-flow wp-block-column-is-layout-flow\" style=\"flex-basis:66.66%\"><figure style=\"aspect-ratio:16\/9;\" class=\"wp-block-post-featured-image\"><a href=\"https:\/\/www.medinetz-marburg.de\/ru\/2024\/12\/18\/solidarisch-schenken\/\" target=\"_self\"  ><img loading=\"lazy\" decoding=\"async\" width=\"1080\" height=\"1080\" src=\"https:\/\/www.medinetz-marburg.de\/wp-content\/uploads\/2024\/12\/signal-2024-12-17-203400_002-1.jpeg\" class=\"attachment-post-thumbnail size-post-thumbnail wp-post-image\" alt=\"Solidarisch schenken\" style=\"width:100%;height:100%;object-fit:cover;\" srcset=\"https:\/\/www.medinetz-marburg.de\/wp-content\/uploads\/2024\/12\/signal-2024-12-17-203400_002-1.jpeg 1080w, https:\/\/www.medinetz-marburg.de\/wp-content\/uploads\/2024\/12\/signal-2024-12-17-203400_002-1-300x300.jpeg 300w, https:\/\/www.medinetz-marburg.de\/wp-content\/uploads\/2024\/12\/signal-2024-12-17-203400_002-1-1024x1024.jpeg 1024w, https:\/\/www.medinetz-marburg.de\/wp-content\/uploads\/2024\/12\/signal-2024-12-17-203400_002-1-150x150.jpeg 150w, https:\/\/www.medinetz-marburg.de\/wp-content\/uploads\/2024\/12\/signal-2024-12-17-203400_002-1-768x768.jpeg 768w\" sizes=\"auto, (max-width: 1080px) 100vw, 1080px\" \/><\/a><\/figure><\/div>\n\n\n\n<div class=\"wp-block-column is-layout-flow wp-block-column-is-layout-flow\" style=\"flex-basis:33.33%\"><h2 class=\"wp-block-post-title\"><a href=\"https:\/\/www.medinetz-marburg.de\/ru\/2024\/12\/18\/solidarisch-schenken\/\" target=\"_self\" >Solidarisch schenken<\/a><\/h2>\n\n<div class=\"wp-block-post-excerpt\"><p class=\"wp-block-post-excerpt__excerpt\">Fehlt euch noch ein Geschenk f\u00fcr Weihnachten oder eine andere Gelegenheit? M\u00f6chtet ihr etwas schenken, was nicht nur den Beschenkten eine Freude macht, sondern auch dazu beitr\u00e4gt, das Menschenrecht auf Gesundheit zu f\u00f6rdern? Dann&hellip;<\/p><p class=\"wp-block-post-excerpt__more-text\"><a class=\"wp-block-post-excerpt__more-link\" href=\"https:\/\/www.medinetz-marburg.de\/ru\/2024\/12\/18\/solidarisch-schenken\/\">weiterlesen&#8230;<\/a><\/p><\/div><\/div>\n<\/div>\n\n<\/li><li class=\"wp-block-post post-346 post type-post status-publish format-standard has-post-thumbnail hentry category-allgemein\">\n\n<div class=\"wp-block-columns alignwide is-layout-flex wp-container-core-columns-is-layout-5 wp-block-columns-is-layout-flex\">\n<div class=\"wp-block-column is-layout-flow wp-block-column-is-layout-flow\" style=\"flex-basis:66.66%\"><figure style=\"aspect-ratio:16\/9;\" class=\"wp-block-post-featured-image\"><a href=\"https:\/\/www.medinetz-marburg.de\/ru\/2024\/11\/17\/medinetz-wochenende-am-edersee\/\" target=\"_self\"  ><img loading=\"lazy\" decoding=\"async\" width=\"876\" height=\"623\" src=\"https:\/\/www.medinetz-marburg.de\/wp-content\/uploads\/2024\/11\/WhatsApp-Image-2024-11-17-at-19.38.17-edited-e1731869975240.jpeg\" class=\"attachment-post-thumbnail size-post-thumbnail wp-post-image\" alt=\"Medinetz-Wochenende am Edersee\" style=\"width:100%;height:100%;object-fit:cover;\" srcset=\"https:\/\/www.medinetz-marburg.de\/wp-content\/uploads\/2024\/11\/WhatsApp-Image-2024-11-17-at-19.38.17-edited-e1731869975240.jpeg 876w, https:\/\/www.medinetz-marburg.de\/wp-content\/uploads\/2024\/11\/WhatsApp-Image-2024-11-17-at-19.38.17-edited-e1731869975240-300x213.jpeg 300w, https:\/\/www.medinetz-marburg.de\/wp-content\/uploads\/2024\/11\/WhatsApp-Image-2024-11-17-at-19.38.17-edited-e1731869975240-768x546.jpeg 768w\" sizes=\"auto, (max-width: 876px) 100vw, 876px\" \/><\/a><\/figure><\/div>\n\n\n\n<div class=\"wp-block-column is-layout-flow wp-block-column-is-layout-flow\" style=\"flex-basis:33.33%\"><h2 class=\"wp-block-post-title\"><a href=\"https:\/\/www.medinetz-marburg.de\/ru\/2024\/11\/17\/medinetz-wochenende-am-edersee\/\" target=\"_self\" >Medinetz-Wochenende am Edersee<\/a><\/h2>\n\n<div class=\"wp-block-post-excerpt\"><p class=\"wp-block-post-excerpt__excerpt\">Das gemeinsame Medinetz-Wochenende am Edersee hat tolle Eindr\u00fccke, neue Ideen und frische Energie f\u00fcr k\u00fcnftige Projekte und unsere t\u00e4gliche Medinetzarbeit geliefert. Wer kennt es nicht: Im Alltag bleiben immer ein paar Themen auf der&hellip;<\/p><p class=\"wp-block-post-excerpt__more-text\"><a class=\"wp-block-post-excerpt__more-link\" href=\"https:\/\/www.medinetz-marburg.de\/ru\/2024\/11\/17\/medinetz-wochenende-am-edersee\/\">weiterlesen&#8230;<\/a><\/p><\/div><\/div>\n<\/div>\n\n<\/li><li class=\"wp-block-post post-353 post type-post status-publish format-standard has-post-thumbnail hentry category-allgemein\">\n\n<div class=\"wp-block-columns alignwide is-layout-flex wp-container-core-columns-is-layout-6 wp-block-columns-is-layout-flex\">\n<div class=\"wp-block-column is-layout-flow wp-block-column-is-layout-flow\" style=\"flex-basis:66.66%\"><figure style=\"aspect-ratio:16\/9;\" class=\"wp-block-post-featured-image\"><a href=\"https:\/\/www.medinetz-marburg.de\/ru\/2024\/11\/15\/forderung-zur-einfuehrung-des-anonymen-behandlungsscheins-und-clearingstellen-in-hessen\/\" target=\"_self\"  ><img loading=\"lazy\" decoding=\"async\" width=\"1024\" height=\"610\" src=\"https:\/\/www.medinetz-marburg.de\/wp-content\/uploads\/2024\/11\/behandlungsschein-1-1024x610-1.png\" class=\"attachment-post-thumbnail size-post-thumbnail wp-post-image\" alt=\"Forderung zur Einf\u00fchrung des\u00a0Anonymen Behandlungsscheins und Clearingstellen in Hessen\" style=\"width:100%;height:100%;object-fit:cover;\" srcset=\"https:\/\/www.medinetz-marburg.de\/wp-content\/uploads\/2024\/11\/behandlungsschein-1-1024x610-1.png 1024w, https:\/\/www.medinetz-marburg.de\/wp-content\/uploads\/2024\/11\/behandlungsschein-1-1024x610-1-300x179.png 300w, https:\/\/www.medinetz-marburg.de\/wp-content\/uploads\/2024\/11\/behandlungsschein-1-1024x610-1-768x458.png 768w\" sizes=\"auto, (max-width: 1024px) 100vw, 1024px\" \/><\/a><\/figure><\/div>\n\n\n\n<div class=\"wp-block-column is-layout-flow wp-block-column-is-layout-flow\" style=\"flex-basis:33.33%\"><h2 class=\"wp-block-post-title\"><a href=\"https:\/\/www.medinetz-marburg.de\/ru\/2024\/11\/15\/forderung-zur-einfuehrung-des-anonymen-behandlungsscheins-und-clearingstellen-in-hessen\/\" target=\"_self\" >Forderung zur Einf\u00fchrung des\u00a0Anonymen Behandlungsscheins und Clearingstellen in Hessen<\/a><\/h2>\n\n<div class=\"wp-block-post-excerpt\"><p class=\"wp-block-post-excerpt__excerpt\">In Hessen leben viele Menschen ohne geregelte oder ausreichende Krankversicherung. Darunter sind Menschen ohne gesicherten Aufenthaltsstatus, Asylsuchende, EU B\u00fcrger:innen, sowie deutsche Staatsb\u00fcrger:innen ohne Krankenversicherung. Papierlose Menschen gehen mit jedem \u00c4rzt:innenbesuch das Risiko ein, beim&hellip;<\/p><p class=\"wp-block-post-excerpt__more-text\"><a class=\"wp-block-post-excerpt__more-link\" href=\"https:\/\/www.medinetz-marburg.de\/ru\/2024\/11\/15\/forderung-zur-einfuehrung-des-anonymen-behandlungsscheins-und-clearingstellen-in-hessen\/\">weiterlesen&#8230;<\/a><\/p><\/div><\/div>\n<\/div>\n\n<\/li><\/ul><\/div>\n<\/div>\n<\/div>\n","protected":false},"excerpt":{"rendered":"","protected":false},"author":1,"featured_media":0,"parent":0,"menu_order":0,"comment_status":"closed","ping_status":"closed","template":"","meta":{"footnotes":""},"class_list":["post-130","page","type-page","status-publish","hentry"],"translation":{"provider":"WPGlobus","version":"3.0.0","language":"ru","enabled_languages":["de","en","es","fr","ru","fa","al"],"languages":{"de":{"title":true,"content":true,"excerpt":false},"en":{"title":true,"content":true,"excerpt":false},"es":{"title":false,"content":false,"excerpt":false},"fr":{"title":false,"content":false,"excerpt":false},"ru":{"title":false,"content":false,"excerpt":false},"fa":{"title":false,"content":false,"excerpt":false},"al":{"title":false,"content":false,"excerpt":false}}},"_links":{"self":[{"href":"https:\/\/www.medinetz-marburg.de\/ru\/wp-json\/wp\/v2\/pages\/130","targetHints":{"allow":["GET"]}}],"collection":[{"href":"https:\/\/www.medinetz-marburg.de\/ru\/wp-json\/wp\/v2\/pages"}],"about":[{"href":"https:\/\/www.medinetz-marburg.de\/ru\/wp-json\/wp\/v2\/types\/page"}],"author":[{"embeddable":true,"href":"https:\/\/www.medinetz-marburg.de\/ru\/wp-json\/wp\/v2\/users\/1"}],"replies":[{"embeddable":true,"href":"https:\/\/www.medinetz-marburg.de\/ru\/wp-json\/wp\/v2\/comments?post=130"}],"version-history":[{"count":21,"href":"https:\/\/www.medinetz-marburg.de\/ru\/wp-json\/wp\/v2\/pages\/130\/revisions"}],"predecessor-version":[{"id":464,"href":"https:\/\/www.medinetz-marburg.de\/ru\/wp-json\/wp\/v2\/pages\/130\/revisions\/464"}],"wp:attachment":[{"href":"https:\/\/www.medinetz-marburg.de\/ru\/wp-json\/wp\/v2\/media?parent=130"}],"curies":[{"name":"wp","href":"https:\/\/api.w.org\/{rel}","templated":true}]}}