{"id":57,"date":"2018-05-23T10:19:38","date_gmt":"2018-05-23T08:19:38","guid":{"rendered":"https:\/\/www.medinetz-marburg.de\/?page_id=57"},"modified":"2025-11-05T10:52:41","modified_gmt":"2025-11-05T09:52:41","slug":"unterstuetzen","status":"publish","type":"page","link":"https:\/\/www.medinetz-marburg.de\/es\/unterstuetzen\/","title":{"rendered":"C\u00f3mo puede apoyarnos"},"content":{"rendered":"<p>Agradecemos mucho cualquier donativo!<\/p>\n<p><b>Cuenta para donativos :<\/b><br \/>\nUso previsto: Medinetz Marburg<br \/>\nBanco: Kreissparkasse Marburg-Biedenkopf<br \/>\nIBAN: DE55533500000000072311<br \/>\nBIC: HELADEF1MAR<\/p>\n\n\n<p>Emitimos recibos de donativos. Env\u00edenos su direcci\u00f3n por correo postal o electr\u00f3nico.<\/p>\n\n\n\n<p>Siempre estamos buscando m\u00e9dicos, terapeutas y comadronas que quieran colaborar con nosotros para tratar a personas sin seguro m\u00e9dico de forma an\u00f3nima y gratuita o a bajo coste de vez en cuando. Si est\u00e1 interesado, p\u00f3ngase en contacto con nosotros por correo postal o electr\u00f3nico.<\/p>\n\n\n\n<p><strong>Adem\u00e1s, \u00a1los nuevos miembros son siempre bienvenidos!<\/strong><br>Disponemos de un tel\u00e9fono m\u00f3vil de guardia, que cada semana se pasa a otro miembro de Medinetz. Nuestros clientes pueden ponerse en contacto con nosotros a trav\u00e9s del tel\u00e9fono m\u00f3vil. Nuestro trabajo tambi\u00e9n incluye la captaci\u00f3n de nuevos m\u00e9dicos, terapeutas y comadronas, as\u00ed como la recaudaci\u00f3n de fondos y la labor pol\u00edtica.<\/p>\n\n\n\n<p>Si te imaginas trabajando en alguna de estas \u00e1reas, ponte en contacto con nosotros por correo electr\u00f3nico o tel\u00e9fono. No es necesario tener conocimientos previos.<\/p>\n\n\n\n<p>Para m\u00e1s informaci\u00f3n, no dudes en ponerte en contacto con nosotros a trav\u00e9s de Instagram o por correo electr\u00f3nico.<\/p>\n\n\n\n<p>\u00a1Estamos deseando conocerte!<\/p>\n","protected":false},"excerpt":{"rendered":"<p>Agradecemos mucho cualquier donativo! Cuenta para donativos : Uso previsto: Medinetz Marburg Banco: Kreissparkasse Marburg-Biedenkopf IBAN: DE55533500000000072311 BIC: HELADEF1MAR Emitimos recibos de donativos. Env\u00edenos su direcci\u00f3n por correo postal o electr\u00f3nico. Siempre estamos buscando m\u00e9dicos, terapeutas y comadronas que quieran colaborar con nosotros para tratar a personas sin seguro m\u00e9dico de forma an\u00f3nima y gratuita [&hellip;]<\/p>\n","protected":false},"author":1,"featured_media":0,"parent":0,"menu_order":0,"comment_status":"closed","ping_status":"closed","template":"","meta":{"footnotes":""},"class_list":["post-57","page","type-page","status-publish","hentry"],"translation":{"provider":"WPGlobus","version":"3.0.0","language":"es","enabled_languages":["de","en","es","fr","ru","fa","al"],"languages":{"de":{"title":true,"content":true,"excerpt":false},"en":{"title":true,"content":true,"excerpt":false},"es":{"title":true,"content":true,"excerpt":false},"fr":{"title":true,"content":true,"excerpt":false},"ru":{"title":false,"content":true,"excerpt":false},"fa":{"title":false,"content":false,"excerpt":false},"al":{"title":false,"content":true,"excerpt":false}}},"_links":{"self":[{"href":"https:\/\/www.medinetz-marburg.de\/es\/wp-json\/wp\/v2\/pages\/57","targetHints":{"allow":["GET"]}}],"collection":[{"href":"https:\/\/www.medinetz-marburg.de\/es\/wp-json\/wp\/v2\/pages"}],"about":[{"href":"https:\/\/www.medinetz-marburg.de\/es\/wp-json\/wp\/v2\/types\/page"}],"author":[{"embeddable":true,"href":"https:\/\/www.medinetz-marburg.de\/es\/wp-json\/wp\/v2\/users\/1"}],"replies":[{"embeddable":true,"href":"https:\/\/www.medinetz-marburg.de\/es\/wp-json\/wp\/v2\/comments?post=57"}],"version-history":[{"count":32,"href":"https:\/\/www.medinetz-marburg.de\/es\/wp-json\/wp\/v2\/pages\/57\/revisions"}],"predecessor-version":[{"id":504,"href":"https:\/\/www.medinetz-marburg.de\/es\/wp-json\/wp\/v2\/pages\/57\/revisions\/504"}],"wp:attachment":[{"href":"https:\/\/www.medinetz-marburg.de\/es\/wp-json\/wp\/v2\/media?parent=57"}],"curies":[{"name":"wp","href":"https:\/\/api.w.org\/{rel}","templated":true}]}}