{"id":33,"date":"2018-05-22T22:56:59","date_gmt":"2018-05-22T20:56:59","guid":{"rendered":"https:\/\/www.medinetz-marburg.de\/?page_id=33"},"modified":"2025-11-16T16:53:24","modified_gmt":"2025-11-16T15:53:24","slug":"was-wir-machen","status":"publish","type":"page","link":"https:\/\/www.medinetz-marburg.de\/es\/was-wir-machen\/","title":{"rendered":"Lo que hacemos"},"content":{"rendered":"\n<p>Nuestros objetivos<\/p>\n\n\n\n<p>La asistencia sanitaria debe ser accesible para todos, independientemente de su situaci\u00f3n migratoria. Este derecho forma parte de los derechos fundamentales de toda persona. Sin embargo, en Alemania, las personas en situaci\u00f3n irregular tienen dificultades para ejercer su derecho a la asistencia sanitaria, ya que acudir al m\u00e9dico puede suponer r\u00e1pidamente su detenci\u00f3n y expulsi\u00f3n, debido a la legislaci\u00f3n vigente en materia de extranjer\u00eda.<\/p>\n\n\n\n<p>Con nuestro trabajo, intentamos llamar la atenci\u00f3n de la opini\u00f3n p\u00fablica y la pol\u00edtica sobre la situaci\u00f3n de las personas sin seguro m\u00e9dico y, de este modo, aliviar las situaciones de emergencia humanitaria.<\/p>\n\n\n\n<p>Por eso, nuestro objetivo a largo plazo es la abolici\u00f3n de las leyes especiales para migrantes y refugiados, as\u00ed como su integraci\u00f3n en la asistencia m\u00e9dica general.<\/p>\n","protected":false},"excerpt":{"rendered":"<p>Nuestros objetivos La asistencia sanitaria debe ser accesible para todos, independientemente de su situaci\u00f3n migratoria. Este derecho forma parte de los derechos fundamentales de toda persona. Sin embargo, en Alemania, las personas en situaci\u00f3n irregular tienen dificultades para ejercer su derecho a la asistencia sanitaria, ya que acudir al m\u00e9dico puede suponer r\u00e1pidamente su detenci\u00f3n [&hellip;]<\/p>\n","protected":false},"author":1,"featured_media":0,"parent":0,"menu_order":3,"comment_status":"closed","ping_status":"closed","template":"","meta":{"footnotes":""},"class_list":["post-33","page","type-page","status-publish","hentry"],"translation":{"provider":"WPGlobus","version":"3.0.0","language":"es","enabled_languages":["de","en","es","fr","ru","fa","al"],"languages":{"de":{"title":true,"content":true,"excerpt":false},"en":{"title":true,"content":true,"excerpt":false},"es":{"title":true,"content":true,"excerpt":false},"fr":{"title":true,"content":true,"excerpt":false},"ru":{"title":true,"content":true,"excerpt":false},"fa":{"title":true,"content":true,"excerpt":false},"al":{"title":true,"content":true,"excerpt":false}}},"_links":{"self":[{"href":"https:\/\/www.medinetz-marburg.de\/es\/wp-json\/wp\/v2\/pages\/33","targetHints":{"allow":["GET"]}}],"collection":[{"href":"https:\/\/www.medinetz-marburg.de\/es\/wp-json\/wp\/v2\/pages"}],"about":[{"href":"https:\/\/www.medinetz-marburg.de\/es\/wp-json\/wp\/v2\/types\/page"}],"author":[{"embeddable":true,"href":"https:\/\/www.medinetz-marburg.de\/es\/wp-json\/wp\/v2\/users\/1"}],"replies":[{"embeddable":true,"href":"https:\/\/www.medinetz-marburg.de\/es\/wp-json\/wp\/v2\/comments?post=33"}],"version-history":[{"count":23,"href":"https:\/\/www.medinetz-marburg.de\/es\/wp-json\/wp\/v2\/pages\/33\/revisions"}],"predecessor-version":[{"id":534,"href":"https:\/\/www.medinetz-marburg.de\/es\/wp-json\/wp\/v2\/pages\/33\/revisions\/534"}],"wp:attachment":[{"href":"https:\/\/www.medinetz-marburg.de\/es\/wp-json\/wp\/v2\/media?parent=33"}],"curies":[{"name":"wp","href":"https:\/\/api.w.org\/{rel}","templated":true}]}}