{"id":27,"date":"2018-05-22T22:56:27","date_gmt":"2018-05-22T20:56:27","guid":{"rendered":"https:\/\/www.medinetz-marburg.de\/?page_id=27"},"modified":"2025-11-16T16:40:45","modified_gmt":"2025-11-16T15:40:45","slug":"wer-wir-sind","status":"publish","type":"page","link":"https:\/\/www.medinetz-marburg.de\/es\/wer-wir-sind\/","title":{"rendered":"Who we are"},"content":{"rendered":"<p>Bienvenido a Medinetz Marburg e.V.<\/p>\n<p>La agrupaci\u00f3n pro derechos humanos Medinetz <span style=\"display: inline !important; float: none; background-color: transparent; color: #333333; cursor: text; font-family: Georgia,'Times New Roman','Bitstream Charter',Times,serif; font-size: 16px; font-style: normal; font-variant: normal; font-weight: 400; letter-spacing: normal; orphans: 2; text-align: left; text-decoration: none; text-indent: 0px; text-transform: none; -webkit-text-stroke-width: 0px; white-space: normal; word-spacing: 0px;\">Marburg <\/span>organiza ayuda m\u00e9dica en forma gratuita y an\u00f3nima para inmigrantes y exiliados indocumentados, los cuales no tienen garantizado el acceso a la atenci\u00f3n m\u00e9dica. Somos un grupo independiente de m\u00e9dicos, psic\u00f3logos, parteras, int\u00e9rpretes y estudiantes de medicina. Nuestro objetivo principal es gestionar las consultas de los pacientes a un m\u00e9dico asegurando a los mismos no s\u00f3lo la atenci\u00f3n m\u00e9dica, sino tambi\u00e9n el anonimato.<\/p>\n<p>Tener acceso a la atenci\u00f3n m\u00e9dica es un derecho humano. Sin embargo, los inmigrantes indocumentados pr\u00e1cticamente no lo gozan.<\/p>\n\n\n<figure class=\"wp-block-image size-full is-resized\"><img loading=\"lazy\" decoding=\"async\" width=\"961\" height=\"1280\" src=\"https:\/\/www.medinetz-marburg.de\/wp-content\/uploads\/2022\/10\/medinetz-grouppic-edersee.png\" alt=\"\" class=\"wp-image-295\" style=\"width:388px;height:auto\" srcset=\"https:\/\/www.medinetz-marburg.de\/wp-content\/uploads\/2022\/10\/medinetz-grouppic-edersee.png 961w, https:\/\/www.medinetz-marburg.de\/wp-content\/uploads\/2022\/10\/medinetz-grouppic-edersee-225x300.png 225w, https:\/\/www.medinetz-marburg.de\/wp-content\/uploads\/2022\/10\/medinetz-grouppic-edersee-769x1024.png 769w, https:\/\/www.medinetz-marburg.de\/wp-content\/uploads\/2022\/10\/medinetz-grouppic-edersee-768x1023.png 768w\" sizes=\"auto, (max-width: 961px) 100vw, 961px\" \/><\/figure>\n","protected":false},"excerpt":{"rendered":"<p>Bienvenido a Medinetz Marburg e.V. La agrupaci\u00f3n pro derechos humanos Medinetz Marburg organiza ayuda m\u00e9dica en forma gratuita y an\u00f3nima para inmigrantes y exiliados indocumentados, los cuales no tienen garantizado el acceso a la atenci\u00f3n m\u00e9dica. Somos un grupo independiente de m\u00e9dicos, psic\u00f3logos, parteras, int\u00e9rpretes y estudiantes de medicina. Nuestro objetivo principal es gestionar las [&hellip;]<\/p>\n","protected":false},"author":1,"featured_media":0,"parent":0,"menu_order":0,"comment_status":"closed","ping_status":"closed","template":"","meta":{"footnotes":""},"class_list":["post-27","page","type-page","status-publish","hentry"],"translation":{"provider":"WPGlobus","version":"3.0.0","language":"es","enabled_languages":["de","en","es","fr","ru","fa","al"],"languages":{"de":{"title":true,"content":true,"excerpt":false},"en":{"title":true,"content":true,"excerpt":false},"es":{"title":true,"content":true,"excerpt":false},"fr":{"title":true,"content":true,"excerpt":false},"ru":{"title":true,"content":true,"excerpt":false},"fa":{"title":true,"content":true,"excerpt":false},"al":{"title":true,"content":true,"excerpt":false}}},"_links":{"self":[{"href":"https:\/\/www.medinetz-marburg.de\/es\/wp-json\/wp\/v2\/pages\/27","targetHints":{"allow":["GET"]}}],"collection":[{"href":"https:\/\/www.medinetz-marburg.de\/es\/wp-json\/wp\/v2\/pages"}],"about":[{"href":"https:\/\/www.medinetz-marburg.de\/es\/wp-json\/wp\/v2\/types\/page"}],"author":[{"embeddable":true,"href":"https:\/\/www.medinetz-marburg.de\/es\/wp-json\/wp\/v2\/users\/1"}],"replies":[{"embeddable":true,"href":"https:\/\/www.medinetz-marburg.de\/es\/wp-json\/wp\/v2\/comments?post=27"}],"version-history":[{"count":31,"href":"https:\/\/www.medinetz-marburg.de\/es\/wp-json\/wp\/v2\/pages\/27\/revisions"}],"predecessor-version":[{"id":530,"href":"https:\/\/www.medinetz-marburg.de\/es\/wp-json\/wp\/v2\/pages\/27\/revisions\/530"}],"wp:attachment":[{"href":"https:\/\/www.medinetz-marburg.de\/es\/wp-json\/wp\/v2\/media?parent=27"}],"curies":[{"name":"wp","href":"https:\/\/api.w.org\/{rel}","templated":true}]}}