{"id":360,"date":"2024-11-15T18:12:46","date_gmt":"2024-11-15T17:12:46","guid":{"rendered":"https:\/\/www.medinetz-marburg.de\/?page_id=360"},"modified":"2024-11-15T18:12:47","modified_gmt":"2024-11-15T17:12:47","slug":"selbstverstaendnis","status":"publish","type":"page","link":"https:\/\/www.medinetz-marburg.de\/en\/selbstverstaendnis\/","title":{"rendered":"Selbstverst\u00e4ndnis"},"content":{"rendered":"\n<h2 class=\"wp-block-heading\">Ziele<\/h2>\n\n\n\n<p>Wir erachten eine medizinische Versorgung als universelles Menschenrecht. Bis dieses Ziel f\u00fcr alle realisiert ist, setzen wir uns ein f\u00fcr Menschen, die einen erschwerten Zugang zum Gesundheitssystem haben und von medizinischer Versorgung ausgegrenzt sind. Dies betrifft Illegalisierte, Gefl\u00fcchtete, sowie marginalisierte Menschen mit und ohne Migrationsgeschichte.<\/p>\n\n\n\n<p>Wir wollen ausgegrenzten Menschen Zugang zu medizinischer Versorgung verschaffen und die Problematik an die \u00d6ffentlichkeit bringen. Den Klient*innen begegnen wir auf Augenh\u00f6he und unterst\u00fctzen sowie respektieren ihre pers\u00f6nliche Autonomie. Ein gro\u00dfes Anliegen ist uns dabei die Wahrung der Anonymit\u00e4t der Klient*innen.<\/p>\n\n\n\n<h2 class=\"wp-block-heading\">Werte<\/h2>\n\n\n\n<p>Wir streben an, basisdemokratisch, gleichberechtigt und antirassistisch zu arbeiten. Dabei reflektieren wir, dass wir Teil des rassistischen Systems sind. Wir vermeiden machtbasierte Ausgrenzung aufgrund von Geschlecht, Herkunft, Religion und sozialem Status. Trotz der finanziellen Unterst\u00fctzung \u00f6ffentlicher Stellen, trifft die Gruppe ihre Entscheidungen unabh\u00e4ngig im Sinne ihrer Werte und gibt keine Daten an Beh\u00f6rden weiter.<\/p>\n\n\n\n<p>Wichtige Entscheidungen, vor allem im Bezug auf strategische Fragen, trifft das Plenum, welches per Konsens entscheidet.<\/p>\n\n\n\n<h2 class=\"wp-block-heading\">Kooperationen<\/h2>\n\n\n\n<p>Wir sind offen f\u00fcr Kooperationen in der praktischen und politischen Arbeit, die unseren Werten und Zielen entsprechen. \u00dcbergeordnetes Ziel unserer Kooperationen ist ein gleichberechtigter Zugang aller Menschen zu gesundheitlicher Versorgung.<\/p>\n\n\n\n<h2 class=\"wp-block-heading\">T\u00e4tigkeitsfelder<\/h2>\n\n\n\n<p>Um unsere Ziele zu erreichen, teilt sich unsere Arbeit in verschiedene Felder. Wir unterst\u00fctzen Menschen, die sich an uns wenden, direkt. Wir sind offen f\u00fcr Kooperationen in der praktischen und politischen Arbeit, die unseren Werten und Zielen entsprechen. Politische \u00d6ffentlichkeitsarbeit betreiben wir im Sinne dieses Selbstverst\u00e4ndnisses. Wir versuchen uns bestm\u00f6glich weiterzubilden, um diese Aufgaben bestm\u00f6glich zu erf\u00fcllen.<\/p>\n\n\n\n<h2 class=\"wp-block-heading\">Handlungsgrundlagen<\/h2>\n\n\n\n<p>Jedes Gruppenmitglied handelt selbstverantwortlich und reflektiert \u2013 die eigenen Grenzen wahrend. Wir schaffen ein Klima, in dem Konflikte und Widerspr\u00fcche offen diskutiert werden k\u00f6nnen. Neben der Eigenverantwortung tr\u00e4gt jedes Mitglied Verantwortung f\u00fcr die Umsetzung des gemeinsamen Selbstverst\u00e4ndnisses nach innen und dessen Repr\u00e4sentation nach au\u00dfen.<\/p>\n\n\n\n<h2 class=\"wp-block-heading\">Politische Arbeit<\/h2>\n\n\n\n<p>Wir wollen mittelfristig strukturelle Ver\u00e4nderungen anstreben, um die Inklusion der betroffenen Gruppen ins Gesundheitssystem zu verbessern. Dazu fordern wir eine \u00c4nderung der Asylgesetzgebung, die Abschaffung der \u00dcbermittlungspflicht und die Schaffung eines anonymen Behandlungsscheins, mit dem Betroffene sicher medizinische Behandlung aufsuchen k\u00f6nnen. Au\u00dferdem muss es ausreichend spezialisierte Beratungsstellen (&#8220;Clearingstellen&#8221;) geben, die sich im Bereich Krankenversicherung sowie Sozial- und Asylrecht auskennen.<\/p>\n\n\n\n<p>Ein wichtiges Bestreben [von Medinetz Marburg e.V.] ist es, unsere eigene ehrenamtliche T\u00e4tigkeit kritisch zu hinterfragen. Wir \u00fcbernehmen auf freiwilliger und unentgeltlicher Basis Aufgaben, die in staatlicher Hand &amp; Verantwortung liegen sollten. Dabei sto\u00dfen wir immer wieder an unsere finanziellen und personellen Grenzen. Langfristig wollen wir also eine staatlich finanzierte, unabh\u00e4ngige Institution, die unsere Arbeit \u00fcbernimmt!<\/p>\n","protected":false},"excerpt":{"rendered":"<p>Ziele Wir erachten eine medizinische Versorgung als universelles Menschenrecht. Bis dieses Ziel f\u00fcr alle realisiert ist, setzen wir uns ein f\u00fcr Menschen, die einen erschwerten Zugang zum Gesundheitssystem haben und von medizinischer Versorgung ausgegrenzt sind. Dies betrifft Illegalisierte, Gefl\u00fcchtete, sowie marginalisierte Menschen mit und ohne Migrationsgeschichte. Wir wollen ausgegrenzten Menschen Zugang zu medizinischer Versorgung verschaffen [&hellip;]<\/p>\n","protected":false},"author":1,"featured_media":0,"parent":0,"menu_order":0,"comment_status":"closed","ping_status":"closed","template":"","meta":{"footnotes":""},"class_list":["post-360","page","type-page","status-publish","hentry"],"translation":{"provider":"WPGlobus","version":"3.0.0","language":"en","enabled_languages":["de","en","es","fr","ru","fa","al"],"languages":{"de":{"title":true,"content":true,"excerpt":false},"en":{"title":false,"content":false,"excerpt":false},"es":{"title":false,"content":false,"excerpt":false},"fr":{"title":false,"content":false,"excerpt":false},"ru":{"title":false,"content":false,"excerpt":false},"fa":{"title":false,"content":false,"excerpt":false},"al":{"title":false,"content":false,"excerpt":false}}},"_links":{"self":[{"href":"https:\/\/www.medinetz-marburg.de\/en\/wp-json\/wp\/v2\/pages\/360","targetHints":{"allow":["GET"]}}],"collection":[{"href":"https:\/\/www.medinetz-marburg.de\/en\/wp-json\/wp\/v2\/pages"}],"about":[{"href":"https:\/\/www.medinetz-marburg.de\/en\/wp-json\/wp\/v2\/types\/page"}],"author":[{"embeddable":true,"href":"https:\/\/www.medinetz-marburg.de\/en\/wp-json\/wp\/v2\/users\/1"}],"replies":[{"embeddable":true,"href":"https:\/\/www.medinetz-marburg.de\/en\/wp-json\/wp\/v2\/comments?post=360"}],"version-history":[{"count":1,"href":"https:\/\/www.medinetz-marburg.de\/en\/wp-json\/wp\/v2\/pages\/360\/revisions"}],"predecessor-version":[{"id":362,"href":"https:\/\/www.medinetz-marburg.de\/en\/wp-json\/wp\/v2\/pages\/360\/revisions\/362"}],"wp:attachment":[{"href":"https:\/\/www.medinetz-marburg.de\/en\/wp-json\/wp\/v2\/media?parent=360"}],"curies":[{"name":"wp","href":"https:\/\/api.w.org\/{rel}","templated":true}]}}