{"id":182,"date":"2022-01-06T16:29:02","date_gmt":"2022-01-06T15:29:02","guid":{"rendered":"https:\/\/www.medinetz-marburg.de\/?page_id=182"},"modified":"2022-10-15T13:05:44","modified_gmt":"2022-10-15T11:05:44","slug":"anonymer-behandlungsschein-hessen","status":"publish","type":"page","link":"https:\/\/www.medinetz-marburg.de\/en\/anonymer-behandlungsschein-hessen\/","title":{"rendered":"Anonymer Behandlungsschein Hessen"},"content":{"rendered":"\n<div class=\"wp-block-group\"><div class=\"wp-block-group__inner-container is-layout-flow wp-block-group-is-layout-flow\">\n<div class=\"wp-block-columns is-layout-flex wp-container-core-columns-is-layout-1 wp-block-columns-is-layout-flex\">\n<div class=\"wp-block-column is-layout-flow wp-block-column-is-layout-flow\" style=\"flex-basis:100%\">\n<div class=\"wp-block-group\"><div class=\"wp-block-group__inner-container is-layout-flow wp-block-group-is-layout-flow\">\n<pre class=\"wp-block-preformatted\">Aktuelle Infos findet ihr auch auf unseren Social Media Kan\u00e4len: <a href=\"https:\/\/www.instagram.com\/medinetz_marburg\/\">Instagram MR<\/a> | <a href=\"https:\/\/www.instagram.com\/medinetz_giessen\/\" data-type=\"URL\" data-id=\"https:\/\/www.instagram.com\/medinetz_giessen\/\">Instagram GI<\/a> | <a href=\"https:\/\/twitter.com\/MedinetzeH\">Twitter<\/a><\/pre>\n<\/div><\/div>\n<\/div>\n<\/div>\n<\/div><\/div>\n\n\n\n<p class=\"has-text-align-left\" style=\"font-size:18px\">2021 haben das Medinetz Gie\u00dfen und Medinetz Marburg e.V. ein Konzeptpapier erarbeitet, welches den <em>Anonymen Behandlungsschein Hessen (ABSH)<\/em> implementieren soll. <strong>Der <em>ABSH<\/em> soll zur Verbesserung der gesundheitlichen Versorgung von Menschen ohne regul\u00e4ren Krankenversicherungsschutz beitragen<\/strong> <strong>und somit eine klaffende L\u00fccke im hessischen Gesundheitssystem schlie\u00dfen.<\/strong><\/p>\n\n\n\n<p class=\"has-text-align-left has-normal-font-size\">Die Kampagne &#8220;Gesundheit f\u00fcr alle in Hessen&#8221; wurde im Januar 2022 gestartet. Am 10.05.2022 haben wir unsere Petition offiziell an den Landtag \u00fcbergeben. Daf\u00fcr konnten wir bis zu jenem Zeitpunkt \u00fcber 2000 Unterst\u00fctzer:innen gewinnen: <a href=\"https:\/\/www.change.org\/gesundheit-f\u00fcr-alle-in-hessen\"><strong>https:\/\/www.change.org\/gesundheit-f\u00fcr-alle-in-hessen<\/strong><\/a>!<\/p>\n\n\n\n<p>Weiterf\u00fchrende Interviews und aktuelle Artikel zur Kampagne sind hier aus der Giessener Allgemeinen Zeitung: <a href=\"GAZ: Gesundheit ist ein Menschenrecht\">Gesundheit ist ein Menschenrecht &#8211; Medinetz Gie\u00dfen fordert Anonymen Behandlungsschein<\/a> und aus der Frankfurter Rundschau: <a href=\"https:\/\/www.fr.de\/rhein-main\/landespolitik\/hessen-petition-viele-sind-nichtausreichend-krankenversichert-91502746.html\">Hessen-Petition: &#8220;Viele sind nicht ausreichend krankenversichert&#8221;<\/a> verlinkt.<\/p>\n\n\n\n<div class=\"wp-block-group\"><div class=\"wp-block-group__inner-container is-layout-flow wp-block-group-is-layout-flow\">\n<p>In Deutschland gibt es bereits vereinzelt bestehende Modelle, die sich mit eben dieser Problemstellung auseinandergesetzt und L\u00f6sungen gefunden haben. So hat beispielsweise Th\u00fcringen bereits einen Anonymen Krankenschein und in vereinzelten St\u00e4dten wie Frankfurt am Main und Wiesbaden sind Clearingstellen zu finden. Eine vollst\u00e4ndige Liste findet ihr <a href=\"https:\/\/www.eu-gleichbehandlungsstelle.de\/resource\/blob\/1817828\/1813506\/25bc40f43ee12337ab443b078098a64b\/verzeichnis-clearingstellen-2021-data.pdf?download=1\" data-type=\"URL\" data-id=\"https:\/\/www.eu-gleichbehandlungsstelle.de\/resource\/blob\/1817828\/1813506\/25bc40f43ee12337ab443b078098a64b\/verzeichnis-clearingstellen-2021-data.pdf?download=1\">hier<\/a>.<\/p>\n<\/div><\/div>\n\n\n\n<p>Mit unserem Konzeptpapier haben wir einen L\u00f6sungsvorschlag formuliert der landesweit f\u00fcr Hessen gelten soll.  <strong>Wir fordern damit u.a. einen Sozialfonds, dezentrale Vergabestellen und Clearingstellen, sowie eine zentrale Koordinierungsstelle.<\/strong><\/p>\n\n\n\n<div data-wp-interactive=\"core\/file\" class=\"wp-block-file\"><object data-wp-bind--hidden=\"!state.hasPdfPreview\" hidden class=\"wp-block-file__embed\" data=\"https:\/\/www.medinetz-marburg.de\/wp-content\/uploads\/2022\/01\/ABSH-Konzept-Stand-19.01.2022-1.pdf\" type=\"application\/pdf\" style=\"width:100%;height:600px\" aria-label=\"Embed of Einbettung von ABSH-Konzept-Stand-19.01.2022-1..\"><\/object><a href=\"https:\/\/www.medinetz-marburg.de\/wp-content\/uploads\/2022\/01\/ABSH-Konzept-Stand-19.01.2022-1.pdf\">ABSH-Konzept-Stand-19.01.2022-1<\/a><a href=\"https:\/\/www.medinetz-marburg.de\/wp-content\/uploads\/2022\/01\/ABSH-Konzept-Stand-19.01.2022-1.pdf\" class=\"wp-block-file__button\" download>Herunterladen<\/a><\/div>\n","protected":false},"excerpt":{"rendered":"<p>Aktuelle Infos findet ihr auch auf unseren Social Media Kan\u00e4len: Instagram MR | Instagram GI | Twitter 2021 haben das Medinetz Gie\u00dfen und Medinetz Marburg e.V. ein Konzeptpapier erarbeitet, welches den Anonymen Behandlungsschein Hessen (ABSH) implementieren soll. Der ABSH soll zur Verbesserung der gesundheitlichen Versorgung von Menschen ohne regul\u00e4ren Krankenversicherungsschutz beitragen und somit eine klaffende [&hellip;]<\/p>\n","protected":false},"author":1,"featured_media":0,"parent":0,"menu_order":0,"comment_status":"closed","ping_status":"closed","template":"","meta":{"footnotes":""},"class_list":["post-182","page","type-page","status-publish","hentry"],"translation":{"provider":"WPGlobus","version":"3.0.0","language":"en","enabled_languages":["de","en","es","fr","ru","fa","al"],"languages":{"de":{"title":true,"content":true,"excerpt":false},"en":{"title":false,"content":false,"excerpt":false},"es":{"title":false,"content":false,"excerpt":false},"fr":{"title":false,"content":false,"excerpt":false},"ru":{"title":false,"content":false,"excerpt":false},"fa":{"title":false,"content":false,"excerpt":false},"al":{"title":false,"content":false,"excerpt":false}}},"_links":{"self":[{"href":"https:\/\/www.medinetz-marburg.de\/en\/wp-json\/wp\/v2\/pages\/182","targetHints":{"allow":["GET"]}}],"collection":[{"href":"https:\/\/www.medinetz-marburg.de\/en\/wp-json\/wp\/v2\/pages"}],"about":[{"href":"https:\/\/www.medinetz-marburg.de\/en\/wp-json\/wp\/v2\/types\/page"}],"author":[{"embeddable":true,"href":"https:\/\/www.medinetz-marburg.de\/en\/wp-json\/wp\/v2\/users\/1"}],"replies":[{"embeddable":true,"href":"https:\/\/www.medinetz-marburg.de\/en\/wp-json\/wp\/v2\/comments?post=182"}],"version-history":[{"count":19,"href":"https:\/\/www.medinetz-marburg.de\/en\/wp-json\/wp\/v2\/pages\/182\/revisions"}],"predecessor-version":[{"id":267,"href":"https:\/\/www.medinetz-marburg.de\/en\/wp-json\/wp\/v2\/pages\/182\/revisions\/267"}],"wp:attachment":[{"href":"https:\/\/www.medinetz-marburg.de\/en\/wp-json\/wp\/v2\/media?parent=182"}],"curies":[{"name":"wp","href":"https:\/\/api.w.org\/{rel}","templated":true}]}}