{"id":57,"date":"2018-05-23T10:19:38","date_gmt":"2018-05-23T08:19:38","guid":{"rendered":"https:\/\/www.medinetz-marburg.de\/?page_id=57"},"modified":"2025-11-05T10:52:41","modified_gmt":"2025-11-05T09:52:41","slug":"unterstuetzen","status":"publish","type":"page","link":"https:\/\/www.medinetz-marburg.de\/al\/unterstuetzen\/","title":{"rendered":"Unterst\u00fctzen"},"content":{"rendered":"\n<p>P\u00ebr m\u00eb shum\u00eb informacion, ju lutemi na kontaktoni lirsh\u00ebm n\u00eb Instagram ose me email.<\/p>\n","protected":false},"excerpt":{"rendered":"<p>P\u00ebr m\u00eb shum\u00eb informacion, ju lutemi na kontaktoni lirsh\u00ebm n\u00eb Instagram ose me email.<\/p>\n","protected":false},"author":1,"featured_media":0,"parent":0,"menu_order":0,"comment_status":"closed","ping_status":"closed","template":"","meta":{"footnotes":""},"class_list":["post-57","page","type-page","status-publish","hentry"],"translation":{"provider":"WPGlobus","version":"3.0.0","language":"al","enabled_languages":["de","en","es","fr","ru","fa","al"],"languages":{"de":{"title":true,"content":true,"excerpt":false},"en":{"title":true,"content":true,"excerpt":false},"es":{"title":true,"content":true,"excerpt":false},"fr":{"title":true,"content":true,"excerpt":false},"ru":{"title":false,"content":true,"excerpt":false},"fa":{"title":false,"content":false,"excerpt":false},"al":{"title":false,"content":true,"excerpt":false}}},"_links":{"self":[{"href":"https:\/\/www.medinetz-marburg.de\/al\/wp-json\/wp\/v2\/pages\/57","targetHints":{"allow":["GET"]}}],"collection":[{"href":"https:\/\/www.medinetz-marburg.de\/al\/wp-json\/wp\/v2\/pages"}],"about":[{"href":"https:\/\/www.medinetz-marburg.de\/al\/wp-json\/wp\/v2\/types\/page"}],"author":[{"embeddable":true,"href":"https:\/\/www.medinetz-marburg.de\/al\/wp-json\/wp\/v2\/users\/1"}],"replies":[{"embeddable":true,"href":"https:\/\/www.medinetz-marburg.de\/al\/wp-json\/wp\/v2\/comments?post=57"}],"version-history":[{"count":32,"href":"https:\/\/www.medinetz-marburg.de\/al\/wp-json\/wp\/v2\/pages\/57\/revisions"}],"predecessor-version":[{"id":504,"href":"https:\/\/www.medinetz-marburg.de\/al\/wp-json\/wp\/v2\/pages\/57\/revisions\/504"}],"wp:attachment":[{"href":"https:\/\/www.medinetz-marburg.de\/al\/wp-json\/wp\/v2\/media?parent=57"}],"curies":[{"name":"wp","href":"https:\/\/api.w.org\/{rel}","templated":true}]}}